{"id":507,"date":"2022-08-28T16:14:56","date_gmt":"2022-08-28T16:14:56","guid":{"rendered":"https:\/\/vincit3.com.br\/?page_id=507"},"modified":"2023-12-23T23:52:44","modified_gmt":"2023-12-23T23:52:44","slug":"ola-mundo","status":"publish","type":"page","link":"https:\/\/vincit3.com.br\/index.php\/ola-mundo\/","title":{"rendered":"Ol\u00e1 mundo!"},"content":{"rendered":"<p><audio class=\"audio-for-speech\"><\/audio><\/p>\n<div class=\"translate-tooltip-mtz hidden\">\n<div class=\"header\">\n<div class=\"header-controls\"><\/div>\n<div class=\"translate-icons\"><img class=\"from\" \/> \u00a0<strong style=\"font-size: 16px; text-align: justify;\">As palavras \u201c<\/strong><strong style=\"font-size: 16px; text-align: justify;\">VINCIT OMNIA VERITAS<\/strong><strong style=\"font-size: 16px; text-align: justify;\">\u201d<\/strong><strong style=\"font-size: 16px; text-align: justify;\">\u00a0\u00e9 do latim e significa \u201c<\/strong><strong style=\"font-size: 16px; text-align: justify;\">A VERDADE VENCE TODAS AS COISAS<\/strong><strong style=\"font-size: 16px; text-align: justify;\">\u201d.<\/strong><\/div>\n<\/div>\n<div class=\"translated-text\">\n<div class=\"sentences\">\n<p class=\"widget-content\" style=\"text-align: justify;\">&#8211;\u00a0\u00a0<img class=\"from\" \/><b>A cria\u00e7\u00e3o deste Blog visa fazer com que algumas pessoas possam romper com os cordelinhos impostos nos \u00faltimos s\u00e9culos, por algumas religi\u00f5es, por corpora\u00e7\u00f5es ultra milion\u00e1rias, por grupos ligados ao processo de globalismo. Que elas possam se tornar mais cr\u00edticas, menos manipuladas, condicionadas e amputadas em v\u00e1rios valores sociais e familiares, valores esses que conduziram, at\u00e9 agora, a j\u00e1 agonizante Civiliza\u00e7\u00e3o Ocidental. Que elas possam\u00a0 romper com as bolhas que lhes foram impostas e fazer suas pesquisas e fundamenta\u00e7\u00f5es verdadeiras para terem a certeza se est\u00e3o sendo manipuladas ou n\u00e3o.\u00a0 Que elas possam despertar para n\u00e3o serem manipuladas pelas ferramentas de massa, que possam despertar para n\u00e3o sofrerem uma a lavagem cerebral, a qual j\u00e1 come\u00e7a nos anos iniciais de vida por diversas m\u00eddias, principalmente a televisiva\/internet e, obviamente, a do ensino propositadamente emburrecedor dos tr\u00eas n\u00edveis, totalmente ideologizados, principalmente o n\u00edvel superior, os quais j\u00e1 est\u00e3o produzindo, em massa, os precariados, uma nova classe de escravos felizes, desumanizados e que n\u00e3o ser\u00e3o donos de nada, muito semelhante ao romance de Huxel, Admir\u00e1vel Mundo Novo, escrito em 1932, bem como ao do romance de 1945\u00a0<i>Nineteen Eighty-Four<\/i>\u00a0(1984), do escritor George Orwell<\/b><b>.\u00a0 O objetivo final, meio\u00a0<\/b><b>ut\u00f3pico<\/b><b>, que almejo \u00e9 fazer com que muitas pessoas rompam com a bolha que lhes foram imposta e vejam a verdade a que est\u00e3o sendo submetidas pelo cientificismo, pela farsa do igualitarismo, pelo materialismo, pelo consumerismo exacerbado, pelo religionismo farisaico, pelo transhumanismo e\u00a0<\/b><b>pelo comunismo, o qual est\u00e1 aliado a ideologias sociais sem a menor\u00a0<\/b><b>fundamenta\u00e7\u00e3o<\/b><b>\u00a0<\/b><b>cientifica, tudo para impor uma nova ordem mundial, uma nova civiliza\u00e7\u00e3o autorit\u00e1ria, cruel e\u00a0<\/b><b>sanguin\u00e1ria, controlada por psicopatas que ir\u00e3o substituir a Civiliza\u00e7\u00e3o Ocidental Crist\u00e3 por um novo modelo civilizat\u00f3rio desumanizado.\u00a0<\/b><b>VAMOS ACORDAR! VAMOS SAIR DA BOLHA! VAMOS MANTER A NOSSA HUMANIDADE!<\/b><\/p>\n<\/div>\n<\/div>\n<\/div>\n","protected":false},"excerpt":{"rendered":"<p>\u00a0As palavras \u201cVINCIT OMNIA VERITAS\u201d\u00a0\u00e9 do latim e significa \u201cA VERDADE VENCE TODAS AS COISAS\u201d. &#8211;\u00a0\u00a0A cria\u00e7\u00e3o deste Blog visa fazer com que algumas pessoas possam romper com os cordelinhos impostos nos \u00faltimos s\u00e9culos, por algumas religi\u00f5es, por corpora\u00e7\u00f5es ultra &hellip; <a href=\"https:\/\/vincit3.com.br\/index.php\/ola-mundo\/\">Continue lendo <span class=\"meta-nav\">&rarr;<\/span><\/a><\/p>\n","protected":false},"author":1,"featured_media":0,"parent":0,"menu_order":0,"comment_status":"closed","ping_status":"closed","template":"","meta":{"footnotes":""},"class_list":["post-507","page","type-page","status-publish","hentry"],"_links":{"self":[{"href":"https:\/\/vincit3.com.br\/index.php\/wp-json\/wp\/v2\/pages\/507","targetHints":{"allow":["GET"]}}],"collection":[{"href":"https:\/\/vincit3.com.br\/index.php\/wp-json\/wp\/v2\/pages"}],"about":[{"href":"https:\/\/vincit3.com.br\/index.php\/wp-json\/wp\/v2\/types\/page"}],"author":[{"embeddable":true,"href":"https:\/\/vincit3.com.br\/index.php\/wp-json\/wp\/v2\/users\/1"}],"replies":[{"embeddable":true,"href":"https:\/\/vincit3.com.br\/index.php\/wp-json\/wp\/v2\/comments?post=507"}],"version-history":[{"count":13,"href":"https:\/\/vincit3.com.br\/index.php\/wp-json\/wp\/v2\/pages\/507\/revisions"}],"predecessor-version":[{"id":713,"href":"https:\/\/vincit3.com.br\/index.php\/wp-json\/wp\/v2\/pages\/507\/revisions\/713"}],"wp:attachment":[{"href":"https:\/\/vincit3.com.br\/index.php\/wp-json\/wp\/v2\/media?parent=507"}],"curies":[{"name":"wp","href":"https:\/\/api.w.org\/{rel}","templated":true}]}}